
{"id":803,"date":"2023-10-17T14:25:11","date_gmt":"2023-10-17T14:25:11","guid":{"rendered":"https:\/\/www.mjh-3vallees-locations.com\/wohnung-n1-8-pers-90m2\/"},"modified":"2025-05-12T14:55:22","modified_gmt":"2025-05-12T14:55:22","slug":"wohnung-n1-8-pers-90m2","status":"publish","type":"page","link":"https:\/\/www.mjh-3vallees-locations.com\/de\/wohnung-n1-8-pers-90m2\/","title":{"rendered":"Wohnung N\u00b01 &#8211; 8 Pers &#8211; 90m2"},"content":{"rendered":"<p>[et_pb_section fb_built=&#8220;1&#8243; specialty=&#8220;on&#8220; _builder_version=&#8220;4.27.4&#8243; _module_preset=&#8220;default&#8220; background_image=&#8220;https:\/\/www.mjh-3vallees-locations.com\/wp-content\/uploads\/2025\/05\/ARRIERE-PLAN-PAGE-DACCUEIL.jpg&#8220; min_height=&#8220;732.7px&#8220; global_colors_info=&#8220;{}&#8220;][et_pb_column type=&#8220;1_2&#8243; _builder_version=&#8220;4.16&#8243; custom_padding=&#8220;|||&#8220; global_colors_info=&#8220;{}&#8220; custom_padding__hover=&#8220;|||&#8220;][et_pb_text _builder_version=&#8220;4.27.4&#8243; _module_preset=&#8220;default&#8220; text_text_color=&#8220;#d3af37&#8243; text_font_size=&#8220;33px&#8220; text_text_shadow_style=&#8220;preset2&#8243; text_text_shadow_horizontal_length=&#8220;-0.08em&#8220; global_colors_info=&#8220;{}&#8220;]<\/p>\n<p>La Grange &#8211; Wohnung N\u00b01<\/p>\n<p>8 People &#8211; 90m2 &#8211; Summer<\/p>\n<p>[\/et_pb_text][et_pb_divider color=&#8220;#d3af37&#8243; divider_weight=&#8220;3px&#8220; _builder_version=&#8220;4.22.2&#8243; _module_preset=&#8220;default&#8220; width=&#8220;42%&#8220; custom_margin=&#8220;||21px|||&#8220; global_colors_info=&#8220;{}&#8220;][\/et_pb_divider][et_pb_text _builder_version=&#8220;4.22.2&#8243; _module_preset=&#8220;default&#8220; text_text_color=&#8220;#FFFFFF&#8220; global_colors_info=&#8220;{}&#8220;]<\/p>\n<p>La Grange befindet sich inmitten des alten Dorfes le Lavassaix, 1 km von les Menuires entfernt.<\/p>\n<p>Im Erdgeschoss dieses alten, im Jahre 2003 renovierten, Bauernhofes gibt es im Sommer eine Unterkunftsm\u00f6glichkeit in einem 90 m\u00b2 gro\u00dfen Appartement mit 4 Zimmern f\u00fcr 2 Personen, ausgestattet mit Einzelbetten.<\/p>\n<p>Vom Balkon\/Terrasse in S\u00fcdlage haben Sie eine sehr sch\u00f6ne Aussicht auf das Massiv. Im Wohn-\/Essraum ist ein Kamin aus Stein und ein Farbfernseher mit Kabelanschluss.<\/p>\n<p>Mit seiner sch\u00f6nen Dekoration verbindet dieses Appartement die urspr\u00fcngliche Atmosph\u00e4re mit gem\u00fctlichem Komfort.<\/p>\n<p>Mit seiner sch\u00f6nen Dekoration verbindet dieses Appartement die urspr\u00fcngliche Atmosph\u00e4re mit gem\u00fctlichem Komfort.<\/p>\n<p><strong>Im Winter<\/strong> <span>wird aus den beiden Appartements &#8222;la Grange&#8220; eins. Es haben dort Gruppen bis zu 24 Personen Platz.<\/span> <span>F\u00fcr weitere Ausk\u00fcnfte \u00fcber diese Unterkunftsm\u00f6glichkeit nehmen Sie bitte mit uns telefonischen Kontakt auf. <\/span><span>par t\u00e9l\u00e9phone pour des renseignements sur cette formule<\/span><\/p>\n<p>[\/et_pb_text][\/et_pb_column][et_pb_column type=&#8220;1_2&#8243; specialty_columns=&#8220;2&#8243; _builder_version=&#8220;4.16&#8243; custom_padding=&#8220;|||&#8220; global_colors_info=&#8220;{}&#8220; custom_padding__hover=&#8220;|||&#8220;][\/et_pb_column][\/et_pb_section][et_pb_section fb_built=&#8220;1&#8243; _builder_version=&#8220;4.22.2&#8243; _module_preset=&#8220;default&#8220; background_enable_image=&#8220;off&#8220; global_colors_info=&#8220;{}&#8220;][et_pb_row _builder_version=&#8220;4.22.2&#8243; _module_preset=&#8220;default&#8220; global_colors_info=&#8220;{}&#8220;][et_pb_column type=&#8220;4_4&#8243; _builder_version=&#8220;4.22.2&#8243; _module_preset=&#8220;default&#8220; global_colors_info=&#8220;{}&#8220;][et_pb_gallery gallery_ids=&#8220;354,310,314,307,308,309,313,311&#8243; posts_number=&#8220;8&#8243; show_title_and_caption=&#8220;off&#8220; show_pagination=&#8220;off&#8220; _builder_version=&#8220;4.27.4&#8243; _module_preset=&#8220;default&#8220; background_color=&#8220;RGBA(255,255,255,0)&#8220; custom_margin=&#8220;0px||||false|false&#8220; border_width_all=&#8220;5px&#8220; border_color_all=&#8220;#d3af37&#8243; border_width_all_image=&#8220;5px&#8220; border_color_all_image=&#8220;#FFFFFF&#8220; global_colors_info=&#8220;{}&#8220;][\/et_pb_gallery][et_pb_text _builder_version=&#8220;4.22.2&#8243; _module_preset=&#8220;default&#8220; global_colors_info=&#8220;{}&#8220;]<\/p>\n<h2>Verf\u00fcgbarkeit &amp; Preise :<\/h2>\n<p>[\/et_pb_text][et_pb_divider color=&#8220;#d3af37&#8243; divider_weight=&#8220;3px&#8220; _builder_version=&#8220;4.22.2&#8243; _module_preset=&#8220;default&#8220; width=&#8220;42%&#8220; global_colors_info=&#8220;{}&#8220;][\/et_pb_divider][et_pb_text _builder_version=&#8220;4.22.2&#8243; _module_preset=&#8220;default&#8220; background_color=&#8220;#d3af37&#8243; border_radii=&#8220;on|8px|8px|8px|8px&#8220; border_width_all=&#8220;5px&#8220; border_color_all=&#8220;#d3af37&#8243; box_shadow_style=&#8220;preset1&#8243; global_colors_info=&#8220;{}&#8220;]<\/p>\n<p><span style=\"color: #050505;\">Um eine Buchungsanfrage zu stellen, klicken Sie auf die gew\u00fcnschte Woche und f\u00fcllen Sie das Kontaktformular aus. Wir werden Sie kontaktieren, um Ihre Anfrage zu best\u00e4tigen und zu personalisieren.<\/span><\/p>\n<p>[\/et_pb_text][et_pb_text _builder_version=&#8220;4.27.4&#8243; _module_preset=&#8220;default&#8220; hover_enabled=&#8220;0&#8243; global_colors_info=&#8220;{}&#8220; sticky_enabled=&#8220;0&#8243;]<\/p>\n<link rel=\"stylesheet\" type=\"text\/css\" href=\"https:\/\/www.mjh-3vallees-locations.com\/wp-content\/plugins\/dopbsp\/templates\/default\/css\/jquery-ui-1.8.21.customDatepicker.css\" \/>\n<link rel=\"stylesheet\" type=\"text\/css\" href=\"https:\/\/www.mjh-3vallees-locations.com\/wp-content\/plugins\/dopbsp\/templates\/default\/css\/jquery.dop.FrontendBookingSystemPRO.css\" \/>\n<script type=\"text\/JavaScript\">\n    jQuery(document).ready(function(){\n        jQuery(\"#DOPBookingSystemPRO14\").DOPBookingSystemPRO({\"AddLastHourToTotalPrice\":\"false\",\"AddtMonthViewText\":\"Add Month View\",\"AvailableDays\":[\"true\",\"true\",\"true\",\"true\",\"true\",\"true\",\"true\"],\"AvailableOneText\":\"available\",\"AvailableText\":\"available\",\"BookedText\":\"booked\",\"BookNowLabel\":\"Booking request\",\"CheckInLabel\":\"Check In\",\"CheckOutLabel\":\"Check Out\",\"Currency\":\"&#8364;\",\"CurrencyCode\":\"EUR\",\"DayNames\":[\"Sunday\",\"Monday\",\"Tuesday\",\"Wednesday\",\"Thursday\",\"Friday\",\"Saturday\"],\"DayShortNames\":[\"Su\",\"Mo\",\"Tu\",\"We\",\"Th\",\"Fr\",\"Sa\"],\"DateType\":\"2\",\"Deposit\":\"0\",\"DepositText\":\"deposit\",\"DiscountsNoDays\":[0,0,0,0,0,0,0,0,0,0,0,0,0,0,0,0,0,0,0,0,0,0,0,0,0,0,0,0,0,0],\"DiscountText\":\"discount\",\"EndHourLabel\":\"Finish at\",\"FirstDay\":\"6\",\"Form\":[{\"id\":\"1\",\"form_id\":\"1\",\"type\":\"text\",\"position\":\"0\",\"multiple_select\":\"false\",\"allowed_characters\":\"\",\"size\":\"0\",\"is_email\":\"false\",\"required\":\"true\",\"translation\":\"First Name\"},{\"id\":\"2\",\"form_id\":\"1\",\"type\":\"text\",\"position\":\"0\",\"multiple_select\":\"false\",\"allowed_characters\":\"\",\"size\":\"0\",\"is_email\":\"false\",\"required\":\"true\",\"translation\":\"Last Name\"},{\"id\":\"3\",\"form_id\":\"1\",\"type\":\"text\",\"position\":\"0\",\"multiple_select\":\"false\",\"allowed_characters\":\"\",\"size\":\"0\",\"is_email\":\"true\",\"required\":\"true\",\"translation\":\"Email\"},{\"id\":\"4\",\"form_id\":\"1\",\"type\":\"text\",\"position\":\"0\",\"multiple_select\":\"false\",\"allowed_characters\":\"0123456789+-().\",\"size\":\"0\",\"is_email\":\"false\",\"required\":\"true\",\"translation\":\"Phone\"},{\"id\":\"5\",\"form_id\":\"1\",\"type\":\"textarea\",\"position\":\"0\",\"multiple_select\":\"false\",\"allowed_characters\":\"\",\"size\":\"0\",\"is_email\":\"false\",\"required\":\"true\",\"translation\":\"Message\"}],\"FormID\":\"1\",\"FormEmailInvalid\":\"is invalid. Please enter a valid Email.\",\"FormRequired\":\"is required.\",\"FormTitle\":\"Contact Information\",\"HoursAMPM\":\"false\",\"HoursEnabled\":\"false\",\"HoursDefinitions\":[{\"value\":\"00:00\"}],\"HoursInfoEnabled\":\"false\",\"HoursIntervalEnabled\":\"false\",\"ID\":\"14\",\"Language\":\"en\",\"MaxNoChildren\":\"7\",\"MaxNoPeople\":\"8\",\"MaxYear\":\"2026\",\"MaxStay\":\"7\",\"MaxStayWarning\":\"You can book only a maximum number of days\",\"MinNoChildren\":\"0\",\"MinNoPeople\":\"1\",\"MinStay\":\"7\",\"MinStayWarning\":\"You need to book a minimum number of days\",\"MonthNames\":[\"January\",\"February\",\"March\",\"April\",\"May\",\"June\",\"July\",\"August\",\"September\",\"October\",\"November\",\"December\"],\"MonthShortNames\":[\"Jan\",\"Feb\",\"Mar\",\"Apr\",\"May\",\"Jun\",\"Jul\",\"Aug\",\"Sep\",\"Oct\",\"Nov\",\"Dec\"],\"MorningCheckOut\":\"false\",\"MultipleDaysSelect\":\"true\",\"MultipleHoursSelect\":\"false\",\"NextMonthText\":\"Next Month\",\"NoAdultsLabel\":\"No Adults\",\"NoChildrenEnabled\":\"true\",\"NoChildrenLabel\":\"No Children\",\"NoItemsLabel\":\"No book items\",\"NoItemsEnabled\":\"true\",\"NoPeopleLabel\":\"No People\",\"NoPeopleEnabled\":\"true\",\"NoServicesAvailableText\":\"There are no services available for the period you selected.\",\"PaymentArrivalEnabled\":\"true\",\"PaymentArrivalLabel\":\"Pay on Arrival (instant booking)\",\"PaymentArrivalSuccess\":\"Your request has been successfully sent. Please wait for approval.\",\"PaymentArrivalSuccessInstantBooking\":\"Your request has been successfully received. We are waiting you!\",\"PaymentPayPalEnabled\":\"false\",\"PaymentPayPalLabel\":\"Pay on PayPal (instant booking)\",\"PaymentPayPalSuccess\":\"Your payment was approved and services are booked.\",\"PaymentPayPalError\":\"There was an error while processing PayPal payment. Please try again.\",\"PluginURL\":\"https:\\\/\\\/www.mjh-3vallees-locations.com\\\/wp-content\\\/plugins\\\/dopbsp\\\/\",\"PreviousMonthText\":\"Previous Month\",\"RemoveMonthViewText\":\"Remove Month View\",\"ServicesLabel\":\"Services\",\"StartHourLabel\":\"Start at\",\"TotalPriceLabel\":\"Total:\",\"TermsAndConditionsEnabled\":\"false\",\"TermsAndConditionsInvalid\":\"You must agree with our Terms & Conditions to continue.\",\"TermsAndConditionsLabel\":\"I accept to agree to the Terms & Conditions.\",\"TermsAndConditionsLink\":\"\",\"UnavailableText\":\"unavailable\",\"ViewOnly\":\"false\"});\n    });\n<\/script>\n<div class=\"DOPBookingSystemPROContainer\" id=\"DOPBookingSystemPRO14\"><a href=\"https:\/\/www.mjh-3vallees-locations.com\/wp-content\/plugins\/dopbsp\/frontend-ajax.php\"><\/a><\/div>\n<p>[\/et_pb_text][et_pb_text _builder_version=&#8220;4.27.4&#8243; _module_preset=&#8220;default&#8220; background_color=&#8220;#d3af37&#8243; border_radii=&#8220;on|8px|8px|8px|8px&#8220; border_width_all=&#8220;5px&#8220; border_color_all=&#8220;#d3af37&#8243; box_shadow_style=&#8220;preset1&#8243; global_colors_info=&#8220;{}&#8220;]<\/p>\n<p><span style=\"color: #050505;\">Die Kurtaxe von 1,87\u20ac pro Nacht und pro Person ist nicht im Preis inbegriffen. Reinigungspauschale \u20ac70 pro Wohnung. <\/span><\/p>\n<p>[\/et_pb_text][\/et_pb_column][\/et_pb_row][\/et_pb_section][et_pb_section fb_built=&#8220;1&#8243; admin_label=&#8220;Menu&#8220; _builder_version=&#8220;4.22.2&#8243; _module_preset=&#8220;default&#8220; background_color=&#8220;RGBA(255,255,255,0)&#8220; background_image=&#8220;https:\/\/www.mjh-3vallees-locations.com\/wp-content\/uploads\/2023\/10\/20200827_090917.jpg&#8220; background_enable_mask_style=&#8220;on&#8220; background_mask_style=&#8220;triangles&#8220; background_mask_color=&#8220;#D6D6D6&#8243; background_mask_transform=&#8220;flip_vertical&#8220; background_mask_blend_mode=&#8220;screen&#8220; custom_padding=&#8220;44px|||||&#8220; collapsed=&#8220;on&#8220; global_colors_info=&#8220;{}&#8220;][et_pb_row column_structure=&#8220;1_4,1_2,1_4&#8243; _builder_version=&#8220;4.20.2&#8243; _module_preset=&#8220;default&#8220; global_colors_info=&#8220;{}&#8220;][et_pb_column type=&#8220;1_4&#8243; _builder_version=&#8220;4.20.2&#8243; _module_preset=&#8220;default&#8220; global_colors_info=&#8220;{}&#8220;][et_pb_divider color=&#8220;#d3af37&#8243; divider_position=&#8220;center&#8220; divider_weight=&#8220;3px&#8220; _builder_version=&#8220;4.22.2&#8243; _module_preset=&#8220;default&#8220; width=&#8220;100%&#8220; max_width=&#8220;36%&#8220; module_alignment=&#8220;center&#8220; global_colors_info=&#8220;{}&#8220;][\/et_pb_divider][\/et_pb_column][et_pb_column type=&#8220;1_2&#8243; _builder_version=&#8220;4.20.2&#8243; _module_preset=&#8220;default&#8220; global_colors_info=&#8220;{}&#8220;][et_pb_text _builder_version=&#8220;4.22.2&#8243; _module_preset=&#8220;default&#8220; text_text_color=&#8220;#E09900&#8243; header_text_align=&#8220;center&#8220; header_text_color=&#8220;#4f4f4f&#8220; custom_padding=&#8220;|0px||0px|false|false&#8220; global_colors_info=&#8220;{}&#8220;]<\/p>\n<h2 style=\"text-align: center;\"><span style=\"font-size: x-large;\">Ist diese Wohnung nicht verf\u00fcgbar?<\/span><\/h2>\n<p style=\"text-align: center;\"><span style=\"color: #7c7c7c;\">Schauen Sie sich auch die Seiten unserer anderen Wohnungen an.<\/span><\/p>\n<p>[\/et_pb_text][\/et_pb_column][et_pb_column type=&#8220;1_4&#8243; _builder_version=&#8220;4.20.2&#8243; _module_preset=&#8220;default&#8220; global_colors_info=&#8220;{}&#8220;][et_pb_divider color=&#8220;#d3af37&#8243; divider_position=&#8220;center&#8220; divider_weight=&#8220;3px&#8220; _builder_version=&#8220;4.22.2&#8243; _module_preset=&#8220;default&#8220; width=&#8220;100%&#8220; max_width=&#8220;36%&#8220; module_alignment=&#8220;center&#8220; global_colors_info=&#8220;{}&#8220;][\/et_pb_divider][\/et_pb_column][\/et_pb_row][et_pb_row admin_label=&#8220;Kaffeeartikel&#8220; _builder_version=&#8220;4.21.0&#8243; _module_preset=&#8220;default&#8220; min_height=&#8220;335.8px&#8220; custom_padding=&#8220;0px|||||&#8220; global_colors_info=&#8220;{}&#8220;][et_pb_column type=&#8220;4_4&#8243; _builder_version=&#8220;4.16&#8243; _module_preset=&#8220;default&#8220; custom_padding=&#8220;|||&#8220; global_colors_info=&#8220;{}&#8220; custom_padding__hover=&#8220;|||&#8220;][et_pb_text _builder_version=&#8220;4.20.2&#8243; _module_preset=&#8220;1b49b4dc-02b3-452d-a3bf-119acb611f01&#8243; text_orientation=&#8220;center&#8220; custom_margin=&#8220;||0px||false|false&#8220; locked=&#8220;off&#8220; global_colors_info=&#8220;{}&#8220;]<\/p>\n<h5>Chalet la Grange 16 personnes<\/h5>\n<p>[\/et_pb_text][et_pb_image src=&#8220;https:\/\/www.mjh-3vallees-locations.com\/wp-content\/uploads\/2025\/05\/20250422_132929-1.jpg&#8220; title_text=&#8220;20250422_132929 (1)&#8220; url=&#8220;@ET-DC@eyJkeW5hbWljIjp0cnVlLCJjb250ZW50IjoicG9zdF9saW5rX3VybF9wYWdlIiwic2V0dGluZ3MiOnsicG9zdF9pZCI6IjMwMSJ9fQ==@&#8220; align=&#8220;center&#8220; _builder_version=&#8220;4.27.4&#8243; _dynamic_attributes=&#8220;url&#8220; _module_preset=&#8220;default&#8220; max_height=&#8220;280px&#8220; locked=&#8220;off&#8220; global_colors_info=&#8220;{}&#8220;][\/et_pb_image][et_pb_text _builder_version=&#8220;4.27.4&#8243; _module_preset=&#8220;default&#8220; text_text_color=&#8220;#d3af37&#8243; text_font_size=&#8220;24px&#8220; header_text_color=&#8220;#6B6B6B&#8220; header_2_text_color=&#8220;gcid-b247d7e9-2bbc-48fc-81a8-3cd1da3da572&#8243; header_2_font_size=&#8220;70px&#8220; animation_style=&#8220;fade&#8220; locked=&#8220;off&#8220; global_colors_info=&#8220;{%22gcid-b247d7e9-2bbc-48fc-81a8-3cd1da3da572%22:%91%22header_2_text_color%22%93}&#8220;]<\/p>\n<h2 style=\"text-align: center;\">150<\/h2>\n<p style=\"text-align: center;\">M2<\/p>\n<p>[\/et_pb_text][et_pb_divider color=&#8220;#d3af37&#8243; divider_position=&#8220;center&#8220; divider_weight=&#8220;3px&#8220; _builder_version=&#8220;4.20.2&#8243; max_width=&#8220;50px&#8220; module_alignment=&#8220;center&#8220; custom_margin=&#8220;|||0px|false|false&#8220; custom_padding=&#8220;|||0px|false|false&#8220; animation_style=&#8220;slide&#8220; animation_direction=&#8220;top&#8220; animation_intensity_slide=&#8220;10%&#8220; animation_starting_opacity=&#8220;100%&#8220; locked=&#8220;off&#8220; global_colors_info=&#8220;{}&#8220;][\/et_pb_divider][et_pb_text _builder_version=&#8220;4.27.4&#8243; _module_preset=&#8220;default&#8220; text_text_color=&#8220;#d3af37&#8243; text_font_size=&#8220;24px&#8220; header_text_color=&#8220;#6B6B6B&#8220; header_2_text_color=&#8220;gcid-b247d7e9-2bbc-48fc-81a8-3cd1da3da572&#8243; header_2_font_size=&#8220;70px&#8220; min_height=&#8220;70.8px&#8220; animation_style=&#8220;fade&#8220; locked=&#8220;off&#8220; global_colors_info=&#8220;{%22gcid-b247d7e9-2bbc-48fc-81a8-3cd1da3da572%22:%91%22header_2_text_color%22%93}&#8220;]<\/p>\n<h2 style=\"text-align: center;\">6<\/h2>\n<p style=\"text-align: center;\">Chambres<\/p>\n<p>[\/et_pb_text][et_pb_divider color=&#8220;#d3af37&#8243; divider_position=&#8220;center&#8220; divider_weight=&#8220;3px&#8220; _builder_version=&#8220;4.20.2&#8243; max_width=&#8220;50px&#8220; module_alignment=&#8220;center&#8220; custom_margin=&#8220;|||0px|false|false&#8220; custom_padding=&#8220;|||0px|false|false&#8220; animation_style=&#8220;slide&#8220; animation_direction=&#8220;top&#8220; animation_intensity_slide=&#8220;10%&#8220; animation_starting_opacity=&#8220;100%&#8220; locked=&#8220;off&#8220; global_colors_info=&#8220;{}&#8220;][\/et_pb_divider][et_pb_button button_text=&#8220;Siehe die Verf\u00fcgbarkeit&#8220; button_alignment=&#8220;center&#8220; _builder_version=&#8220;4.20.2&#8243; custom_button=&#8220;on&#8220; button_text_size=&#8220;14px&#8220; button_text_color=&#8220;#ffffff&#8220; button_bg_color=&#8220;#d3af37&#8243; button_border_width=&#8220;8px&#8220; button_border_color=&#8220;#d3af37&#8243; button_border_radius=&#8220;0px&#8220; button_letter_spacing=&#8220;2px&#8220; button_font=&#8220;Poppins|600||on|||||&#8220; button_icon=&#8220;&#x24;||divi||400&#8243; custom_margin=&#8220;52px|||0px|false|false&#8220; custom_padding=&#8220;||4px|||&#8220; animation_style=&#8220;fade&#8220; locked=&#8220;off&#8220; global_colors_info=&#8220;{}&#8220; button_text_size__hover_enabled=&#8220;off&#8220; button_one_text_size__hover_enabled=&#8220;off&#8220; button_two_text_size__hover_enabled=&#8220;off&#8220; button_text_color__hover_enabled=&#8220;off&#8220; button_one_text_color__hover_enabled=&#8220;off&#8220; button_two_text_color__hover_enabled=&#8220;off&#8220; button_border_width__hover_enabled=&#8220;off&#8220; button_one_border_width__hover_enabled=&#8220;off&#8220; button_two_border_width__hover_enabled=&#8220;off&#8220; button_border_color__hover_enabled=&#8220;off&#8220; button_one_border_color__hover_enabled=&#8220;off&#8220; button_two_border_color__hover_enabled=&#8220;off&#8220; button_border_radius__hover_enabled=&#8220;off&#8220; button_one_border_radius__hover_enabled=&#8220;off&#8220; button_two_border_radius__hover_enabled=&#8220;off&#8220; button_letter_spacing__hover_enabled=&#8220;off&#8220; button_one_letter_spacing__hover_enabled=&#8220;off&#8220; button_two_letter_spacing__hover_enabled=&#8220;off&#8220; button_bg_color__hover_enabled=&#8220;off&#8220; button_one_bg_color__hover_enabled=&#8220;off&#8220; button_two_bg_color__hover_enabled=&#8220;off&#8220;][\/et_pb_button][\/et_pb_column][\/et_pb_row][\/et_pb_section]<\/p>\n","protected":false},"excerpt":{"rendered":"<p>La Grange &#8211; Wohnung N\u00b01 8 People &#8211; 90m2 &#8211; SummerLa Grange befindet sich inmitten des alten Dorfes le Lavassaix, 1 km von les Menuires entfernt. Im Erdgeschoss dieses alten, im Jahre 2003 renovierten, Bauernhofes gibt es im Sommer eine Unterkunftsm\u00f6glichkeit in einem 90 m\u00b2 gro\u00dfen Appartement mit 4 Zimmern f\u00fcr 2 Personen, ausgestattet mit [&hellip;]<\/p>\n","protected":false},"author":1,"featured_media":0,"parent":0,"menu_order":0,"comment_status":"closed","ping_status":"closed","template":"","meta":{"_et_pb_use_builder":"on","_et_pb_old_content":"","_et_gb_content_width":"","footnotes":""},"class_list":["post-803","page","type-page","status-publish","hentry"],"_links":{"self":[{"href":"https:\/\/www.mjh-3vallees-locations.com\/de\/wp-json\/wp\/v2\/pages\/803","targetHints":{"allow":["GET"]}}],"collection":[{"href":"https:\/\/www.mjh-3vallees-locations.com\/de\/wp-json\/wp\/v2\/pages"}],"about":[{"href":"https:\/\/www.mjh-3vallees-locations.com\/de\/wp-json\/wp\/v2\/types\/page"}],"author":[{"embeddable":true,"href":"https:\/\/www.mjh-3vallees-locations.com\/de\/wp-json\/wp\/v2\/users\/1"}],"replies":[{"embeddable":true,"href":"https:\/\/www.mjh-3vallees-locations.com\/de\/wp-json\/wp\/v2\/comments?post=803"}],"version-history":[{"count":6,"href":"https:\/\/www.mjh-3vallees-locations.com\/de\/wp-json\/wp\/v2\/pages\/803\/revisions"}],"predecessor-version":[{"id":888,"href":"https:\/\/www.mjh-3vallees-locations.com\/de\/wp-json\/wp\/v2\/pages\/803\/revisions\/888"}],"wp:attachment":[{"href":"https:\/\/www.mjh-3vallees-locations.com\/de\/wp-json\/wp\/v2\/media?parent=803"}],"curies":[{"name":"wp","href":"https:\/\/api.w.org\/{rel}","templated":true}]}}